{"id":42018,"date":"2025-01-30T22:29:10","date_gmt":"2025-01-30T21:29:10","guid":{"rendered":"https:\/\/wordpress-829720-4586330.cloudwaysapps.com\/?post_type=product&#038;p=42018"},"modified":"2025-01-30T22:29:52","modified_gmt":"2025-01-30T21:29:52","slug":"pme-modellierwerkzeug-serrated-taper-cone","status":"publish","type":"product","link":"https:\/\/staging.cake-store-koeln.de\/en\/product\/pme-modellierwerkzeug-serrated-taper-cone\/","title":{"rendered":"PME Modellierwerkzeug &#8211; Serrated &#038; Taper Cone"},"content":{"rendered":"<p>An einem Ende ein sternf\u00f6rmiger Kegel und am anderen Ende eine konische Form. Diese Werkzeuge werden vor allem verwendet, um Blumen, wie Fresien, auszuh\u00f6hlen.<\/p>\n<p>Der Stern sorgt bei handgemachten Blumen f\u00fcr eine gleichm\u00e4\u00dfige Einteilung der Bl\u00fctenbl\u00e4tter.<\/p>\n<p>Man kann das Werkzeug auch senkrecht in <a href=\"https:\/\/staging.cake-store-koeln.de\/en\/product-category\/fondant\/\">Fondant<\/a> eindr\u00fccken und als Pr\u00e4gewerkzeug benutzen. So k\u00f6nnen Sie zum Beispiel Sterne herstellen oder Sie k\u00f6nnen ein Muster kreieren, indem Sie das sternf\u00f6rmige Ende schr\u00e4g rundum in einen Fondantrand dr\u00fccken.<\/p>\n<p>Dieses praktische Werkzeug eignet sich f\u00fcr zahlreiche Anwendungen.<\/p>","protected":false},"excerpt":{"rendered":"<p>An einem Ende ein sternf\u00f6rmiger Kegel und am anderen Ende eine konische Form. Diese Werkzeuge werden vor allem verwendet, um<\/p>","protected":false},"featured_media":35962,"template":"","meta":[],"product_brand":[],"product_cat":[83],"product_tag":[317,307,278,315,316,308],"class_list":{"0":"post-42018","1":"product","2":"type-product","3":"status-publish","4":"has-post-thumbnail","6":"product_cat-modellierwerkzeug","7":"product_tag-cone","8":"product_tag-modellier","9":"product_tag-pme","10":"product_tag-serrated","11":"product_tag-taper","12":"product_tag-werkzeug","14":"first","15":"instock","16":"taxable","17":"shipping-taxable","18":"purchasable","19":"product-type-simple"},"_links":{"self":[{"href":"https:\/\/staging.cake-store-koeln.de\/en\/wp-json\/wp\/v2\/product\/42018","targetHints":{"allow":["GET"]}}],"collection":[{"href":"https:\/\/staging.cake-store-koeln.de\/en\/wp-json\/wp\/v2\/product"}],"about":[{"href":"https:\/\/staging.cake-store-koeln.de\/en\/wp-json\/wp\/v2\/types\/product"}],"version-history":[{"count":1,"href":"https:\/\/staging.cake-store-koeln.de\/en\/wp-json\/wp\/v2\/product\/42018\/revisions"}],"predecessor-version":[{"id":42066,"href":"https:\/\/staging.cake-store-koeln.de\/en\/wp-json\/wp\/v2\/product\/42018\/revisions\/42066"}],"wp:featuredmedia":[{"embeddable":true,"href":"https:\/\/staging.cake-store-koeln.de\/en\/wp-json\/wp\/v2\/media\/35962"}],"wp:attachment":[{"href":"https:\/\/staging.cake-store-koeln.de\/en\/wp-json\/wp\/v2\/media?parent=42018"}],"wp:term":[{"taxonomy":"product_brand","embeddable":true,"href":"https:\/\/staging.cake-store-koeln.de\/en\/wp-json\/wp\/v2\/product_brand?post=42018"},{"taxonomy":"product_cat","embeddable":true,"href":"https:\/\/staging.cake-store-koeln.de\/en\/wp-json\/wp\/v2\/product_cat?post=42018"},{"taxonomy":"product_tag","embeddable":true,"href":"https:\/\/staging.cake-store-koeln.de\/en\/wp-json\/wp\/v2\/product_tag?post=42018"}],"curies":[{"name":"wp","href":"https:\/\/api.w.org\/{rel}","templated":true}]}}