{"id":44085,"date":"2025-01-30T23:22:46","date_gmt":"2025-01-30T22:22:46","guid":{"rendered":"https:\/\/wordpress-829720-4586330.cloudwaysapps.com\/?post_type=product&#038;p=44085"},"modified":"2025-01-30T23:24:26","modified_gmt":"2025-01-30T22:24:26","slug":"santas-gesichter-12-stueck-zuckerdekoration-funcakes","status":"publish","type":"product","link":"https:\/\/staging.cake-store-koeln.de\/en\/product\/santas-gesichter-12-stueck-zuckerdekoration-funcakes\/","title":{"rendered":"&#8222;Santas Gesichter&#8220; 12 St\u00fcck Zuckerdekoration &#8211; Funcakes"},"content":{"rendered":"<div class=\"product attribute description\">\n<div class=\"value\">\n<p>Dekorieren Sie Ihre Cupcakes, Cookies oder Desserts mit diesen s\u00fc\u00dfen Weihnachtsm\u00fctzen von FunCakes! Die Zuckerdekoration ist ideal, um Ihre Weihnachtsleckereien zu verfeinern.<\/p>\n<p>Inhaltsstoffe: Zucker (96%), <b>Ei<\/b>wei\u00dfpulver, Wasser, Stabilisator: E336, Verdickungsmittel: E414, Farbstoffe: F\u00e4rberdistel, E163, E120, nat\u00fcrliches Aroma (Vanille). F\u00fcr Allergene siehe Zutaten in <b>fett<\/b>. Dieses Produkt ist glutenfrei nach NL-090-157.<\/p>\n<p>An einem k\u00fchlen, trockenen Ort (12 &#8211; 20 \u00b0C), frei von Sonnenlicht und Fremdger\u00fcchen aufbewahren.<\/p>\n<p>Inhalt: 12 St\u00fcck<\/p>\n<\/div>\n<\/div>\n<p>&nbsp;<\/p>\n<p>&nbsp;<\/p>","protected":false},"excerpt":{"rendered":"<p>Dekorieren Sie Ihre Cupcakes, Cookies oder Desserts mit diesen s\u00fc\u00dfen Weihnachtsm\u00fctzen von FunCakes! Die Zuckerdekoration ist ideal, um Ihre Weihnachtsleckereien<\/p>","protected":false},"featured_media":37568,"template":"","meta":[],"product_brand":[],"product_cat":[1183,1168,3277],"product_tag":[1988,1019,1987,1341],"class_list":{"0":"post-44085","1":"product","2":"type-product","3":"status-publish","4":"has-post-thumbnail","6":"product_cat-essbare-dekoration-weihnachten-themen-und-anlaesse","7":"product_cat-essbare-tortendeko","8":"product_cat-weihnachten-2","9":"product_tag-cupcake-deko-weihnachten","10":"product_tag-weihnachtsmann","11":"product_tag-zuckerdeko-weihnachten","12":"product_tag-zuckerdekoration","14":"first","15":"instock","16":"taxable","17":"shipping-taxable","18":"purchasable","19":"product-type-simple"},"_links":{"self":[{"href":"https:\/\/staging.cake-store-koeln.de\/en\/wp-json\/wp\/v2\/product\/44085","targetHints":{"allow":["GET"]}}],"collection":[{"href":"https:\/\/staging.cake-store-koeln.de\/en\/wp-json\/wp\/v2\/product"}],"about":[{"href":"https:\/\/staging.cake-store-koeln.de\/en\/wp-json\/wp\/v2\/types\/product"}],"version-history":[{"count":1,"href":"https:\/\/staging.cake-store-koeln.de\/en\/wp-json\/wp\/v2\/product\/44085\/revisions"}],"predecessor-version":[{"id":44123,"href":"https:\/\/staging.cake-store-koeln.de\/en\/wp-json\/wp\/v2\/product\/44085\/revisions\/44123"}],"wp:featuredmedia":[{"embeddable":true,"href":"https:\/\/staging.cake-store-koeln.de\/en\/wp-json\/wp\/v2\/media\/37568"}],"wp:attachment":[{"href":"https:\/\/staging.cake-store-koeln.de\/en\/wp-json\/wp\/v2\/media?parent=44085"}],"wp:term":[{"taxonomy":"product_brand","embeddable":true,"href":"https:\/\/staging.cake-store-koeln.de\/en\/wp-json\/wp\/v2\/product_brand?post=44085"},{"taxonomy":"product_cat","embeddable":true,"href":"https:\/\/staging.cake-store-koeln.de\/en\/wp-json\/wp\/v2\/product_cat?post=44085"},{"taxonomy":"product_tag","embeddable":true,"href":"https:\/\/staging.cake-store-koeln.de\/en\/wp-json\/wp\/v2\/product_tag?post=44085"}],"curies":[{"name":"wp","href":"https:\/\/api.w.org\/{rel}","templated":true}]}}