{"id":45566,"date":"2025-01-31T07:00:48","date_gmt":"2025-01-31T06:00:48","guid":{"rendered":"https:\/\/wordpress-829720-4586330.cloudwaysapps.com\/?post_type=product&#038;p=45566"},"modified":"2025-01-31T07:05:42","modified_gmt":"2025-01-31T06:05:42","slug":"black-lebensmittelfarbe-rainbow-dust","status":"publish","type":"product","link":"https:\/\/staging.cake-store-koeln.de\/en\/product\/black-lebensmittelfarbe-rainbow-dust\/","title":{"rendered":"&#8222;Black&#8220; &#8211; Lebensmittelfarbe &#8211; Rainbow Dust"},"content":{"rendered":"<p>M\u00f6chten Sie <a href=\"https:\/\/staging.cake-store-koeln.de\/en\/product-category\/fondant\/\">Fondant<\/a>, <a href=\"https:\/\/staging.cake-store-koeln.de\/en\/product-category\/marzipan\/\">Marzipan<\/a> oder Buttercreme Farbe verleihen? Das ProGel von Rainbow Dust ist ideal! Eine geringe Menge ist ausreichend um Ihren Kreationen eine satte kr\u00e4ftige Farbe zu verleihen. Die Tuben sind auch zum Einf\u00e4rben von Biskuit, Candy Melts, u.a. geeignet.<\/p>\n<p>Jedes Gel ist einer farbkoordinierten leicht zu verwendenden Plastiktube verpackt. Die Tuben sind unter der Schraubkappe versiegelt. Entfernen Sie das Siegel und dr\u00fccken Sie das Gel aus der Tube.<\/p>\n<p>Anwendung: F\u00fcgen Sie das Gel dem Fondant oder Marzipan hinzu und kneten Sie es durch, bis sich die Farbe mit dem Material mischt. Kneten Sie so lange, bis Sie das gew\u00fcnschte Ergebnis erzielen. Nun k\u00f6nnen Sie das gef\u00e4rbte Fondant oder Marzipan f\u00fcr Ihre Torte verwenden!<\/p>\n<p>Zutaten: Feuchthaltemittel: E422, Farbstoff: E122, E102, E133, Wasser, modifizierte St\u00e4rke (Tapioka).<\/p>\n<p><strong>E122, E102: Kann Aktivit\u00e4t und Aufmerksamkeit bei Kindern beeintr\u00e4chtigen.<\/strong><\/p>\n<p>Dieses Produkt ist: Kosher bescheinigt.<\/p>\n<p>Maximal verwendbare Dosis: 3 g\/kg.<\/p>\n<p>Inhalt: 25 Gramm.<\/p>\n<p>&nbsp;<\/p>","protected":false},"excerpt":{"rendered":"<p>M\u00f6chten Sie Fondant, Marzipan oder Buttercreme Farbe verleihen? Das ProGel von Rainbow Dust ist ideal! Eine geringe Menge ist ausreichend<\/p>","protected":false},"featured_media":45638,"template":"","meta":[],"product_brand":[],"product_cat":[68778],"product_tag":[68781,68815,3116,654,68780],"class_list":{"0":"post-45566","1":"product","2":"type-product","3":"status-publish","4":"has-post-thumbnail","6":"product_cat-rainbow-dust","7":"product_tag-essbare-farbe-zum-backen","8":"product_tag-farbgel-black","9":"product_tag-farbgel-schwarz","10":"product_tag-lebensmittelfarbe","11":"product_tag-rainbow-dust-pro-gel","13":"first","14":"instock","15":"taxable","16":"shipping-taxable","17":"purchasable","18":"product-type-simple"},"_links":{"self":[{"href":"https:\/\/staging.cake-store-koeln.de\/en\/wp-json\/wp\/v2\/product\/45566","targetHints":{"allow":["GET"]}}],"collection":[{"href":"https:\/\/staging.cake-store-koeln.de\/en\/wp-json\/wp\/v2\/product"}],"about":[{"href":"https:\/\/staging.cake-store-koeln.de\/en\/wp-json\/wp\/v2\/types\/product"}],"version-history":[{"count":1,"href":"https:\/\/staging.cake-store-koeln.de\/en\/wp-json\/wp\/v2\/product\/45566\/revisions"}],"predecessor-version":[{"id":45639,"href":"https:\/\/staging.cake-store-koeln.de\/en\/wp-json\/wp\/v2\/product\/45566\/revisions\/45639"}],"wp:featuredmedia":[{"embeddable":true,"href":"https:\/\/staging.cake-store-koeln.de\/en\/wp-json\/wp\/v2\/media\/45638"}],"wp:attachment":[{"href":"https:\/\/staging.cake-store-koeln.de\/en\/wp-json\/wp\/v2\/media?parent=45566"}],"wp:term":[{"taxonomy":"product_brand","embeddable":true,"href":"https:\/\/staging.cake-store-koeln.de\/en\/wp-json\/wp\/v2\/product_brand?post=45566"},{"taxonomy":"product_cat","embeddable":true,"href":"https:\/\/staging.cake-store-koeln.de\/en\/wp-json\/wp\/v2\/product_cat?post=45566"},{"taxonomy":"product_tag","embeddable":true,"href":"https:\/\/staging.cake-store-koeln.de\/en\/wp-json\/wp\/v2\/product_tag?post=45566"}],"curies":[{"name":"wp","href":"https:\/\/api.w.org\/{rel}","templated":true}]}}