{"id":45757,"date":"2025-01-31T07:13:55","date_gmt":"2025-01-31T06:13:55","guid":{"rendered":"https:\/\/wordpress-829720-4586330.cloudwaysapps.com\/?post_type=product&#038;p=45757"},"modified":"2025-01-31T07:21:47","modified_gmt":"2025-01-31T06:21:47","slug":"pistazie-aromapaste-funcakes","status":"publish","type":"product","link":"https:\/\/staging.cake-store-koeln.de\/en\/product\/pistazie-aromapaste-funcakes\/","title":{"rendered":"&#8222;Pistazie&#8220; Aromapaste &#8211; FunCakes"},"content":{"rendered":"<p>Dieser FunCakes Aromastoff hat einen reizenden Geschmack und ist perfekt um Ihre Buttercreme, Bavaroise, Eiscreme und verschiedene F\u00fcllungen zu aromatisieren.<\/p>\n<p>FunCakes Aromapasten k\u00f6nnen dem Teig hinzugef\u00fcgt werden und eignen sich auch zum Backen. Sie sind perfekt, um Ihrem Teig einen k\u00f6stlichen Geschmack zu verleihen, z.B. f\u00fcr Biskuit- oder Cupcakes. F\u00fcgen Sie Ihrem Teig die auf der Verpackung angegebene empfohlene Dosierung hinzu. Wenn Sie bei hohen Temperaturen (\u00fcber 200\u00b0C) backen, f\u00fcgen Sie etwas zus\u00e4tzliches Aroma hinzu, da dies die St\u00e4rke des Geschmacks schw\u00e4cht. Das Aroma kann auch in Schokoladenganache verwendet werden.<\/p>\n<p>Zutaten:\u00a0<b>Pistazien<\/b>\u00a0(65%), pflanzliche Fette und \u00d6l (Palme, Raps, Sonnenblumen), Aroma, Farbstoff: E140, E100, Emulgator: E322 (<b>Soja<\/b>). F\u00fcr Allergene siehe\u00a0<b>fett<\/b>\u00a0gedruckte Zutaten. Kann Spuren enthalten von:\u00a0<b>Milch<\/b>.<\/p>\n<p>Empfohlene Dosis: 30g pro 500g.<\/p>\n<p>Inhalt: 80g.<\/p>","protected":false},"excerpt":{"rendered":"<p>Dieser FunCakes Aromastoff hat einen reizenden Geschmack und ist perfekt um Ihre Buttercreme, Bavaroise, Eiscreme und verschiedene F\u00fcllungen zu aromatisieren.<\/p>","protected":false},"featured_media":45848,"template":"","meta":[],"product_brand":[],"product_cat":[97],"product_tag":[68998,68903,68905,68985,68997,68999],"class_list":{"0":"post-45757","1":"product","2":"type-product","3":"status-publish","4":"has-post-thumbnail","6":"product_cat-aromastoffe","7":"product_tag-aromastoff-pistazie","8":"product_tag-aromastoffe-zum-backen","9":"product_tag-funcakes-aromapasten","10":"product_tag-geschmackpaste-kaufen","11":"product_tag-geschmacksstoff-pistazie","12":"product_tag-pistazie-geschmack","14":"first","15":"outofstock","16":"taxable","17":"shipping-taxable","18":"purchasable","19":"product-type-simple"},"_links":{"self":[{"href":"https:\/\/staging.cake-store-koeln.de\/en\/wp-json\/wp\/v2\/product\/45757","targetHints":{"allow":["GET"]}}],"collection":[{"href":"https:\/\/staging.cake-store-koeln.de\/en\/wp-json\/wp\/v2\/product"}],"about":[{"href":"https:\/\/staging.cake-store-koeln.de\/en\/wp-json\/wp\/v2\/types\/product"}],"version-history":[{"count":1,"href":"https:\/\/staging.cake-store-koeln.de\/en\/wp-json\/wp\/v2\/product\/45757\/revisions"}],"predecessor-version":[{"id":45849,"href":"https:\/\/staging.cake-store-koeln.de\/en\/wp-json\/wp\/v2\/product\/45757\/revisions\/45849"}],"wp:featuredmedia":[{"embeddable":true,"href":"https:\/\/staging.cake-store-koeln.de\/en\/wp-json\/wp\/v2\/media\/45848"}],"wp:attachment":[{"href":"https:\/\/staging.cake-store-koeln.de\/en\/wp-json\/wp\/v2\/media?parent=45757"}],"wp:term":[{"taxonomy":"product_brand","embeddable":true,"href":"https:\/\/staging.cake-store-koeln.de\/en\/wp-json\/wp\/v2\/product_brand?post=45757"},{"taxonomy":"product_cat","embeddable":true,"href":"https:\/\/staging.cake-store-koeln.de\/en\/wp-json\/wp\/v2\/product_cat?post=45757"},{"taxonomy":"product_tag","embeddable":true,"href":"https:\/\/staging.cake-store-koeln.de\/en\/wp-json\/wp\/v2\/product_tag?post=45757"}],"curies":[{"name":"wp","href":"https:\/\/api.w.org\/{rel}","templated":true}]}}